{"id":1343,"date":"2024-08-09T07:56:18","date_gmt":"2024-08-09T07:56:18","guid":{"rendered":"https:\/\/chartervgo.com\/news\/"},"modified":"2024-08-23T12:33:23","modified_gmt":"2024-08-23T12:33:23","slug":"news","status":"publish","type":"page","link":"https:\/\/chartervgo.com\/en\/news\/","title":{"rendered":"News"},"content":{"rendered":"<p>[et_pb_section fb_built=&#8221;1&#8243; _builder_version=&#8221;4.25.1&#8243; background_color=&#8221;rgba(2,48,71,0.3)&#8221; background_image=&#8221;https:\/\/chartervgo.com\/wp-content\/uploads\/2024\/05\/mariya-oliynyk-eRfzi5oSmjI-unsplash.jpg&#8221; background_blend=&#8221;multiply&#8221; custom_padding=&#8221;10vh||10vh||true|false&#8221; locked=&#8221;off&#8221; global_colors_info=&#8221;{}&#8221;][et_pb_row _builder_version=&#8221;4.20.4&#8243; _module_preset=&#8221;default&#8221; width=&#8221;140px&#8221; module_alignment=&#8221;center&#8221; custom_margin=&#8221;||0px||false|false&#8221; custom_padding=&#8221;||0px||false|false&#8221; locked=&#8221;off&#8221; global_colors_info=&#8221;{}&#8221;][et_pb_column type=&#8221;4_4&#8243; _builder_version=&#8221;4.20.4&#8243; _module_preset=&#8221;default&#8221; global_colors_info=&#8221;{}&#8221;][et_pb_text _builder_version=&#8221;4.27.0&#8243; _module_preset=&#8221;default&#8221; header_4_font=&#8221;Outfit|900|||||||&#8221; header_4_text_align=&#8221;center&#8221; header_4_text_color=&#8221;#FFFFFF&#8221; header_4_font_size=&#8221;12px&#8221; header_4_letter_spacing=&#8221;0.5px&#8221; header_4_line_height=&#8221;0.6em&#8221; background_color=&#8221;#00a8e7&#8243; custom_margin=&#8221;0px||10px|30%|false|false&#8221; custom_padding=&#8221;10px|10px|0px|10px|false|false&#8221; custom_css_main_element=&#8221;display:inline-block;&#8221; border_radii=&#8221;on|12px|12px|12px|12px&#8221; locked=&#8221;off&#8221; global_colors_info=&#8221;{}&#8221;]<\/p>\n<h4>BLOG<\/h4>\n<p>[\/et_pb_text][\/et_pb_column][\/et_pb_row][et_pb_row _builder_version=&#8221;4.20.4&#8243; custom_margin=&#8221;0px||||false|false&#8221; custom_padding=&#8221;0px||3px||false|false&#8221; locked=&#8221;off&#8221; global_colors_info=&#8221;{}&#8221;][et_pb_column type=&#8221;4_4&#8243; _builder_version=&#8221;4.16&#8243; global_colors_info=&#8221;{}&#8221;][et_pb_text _builder_version=&#8221;4.27.0&#8243; text_font=&#8221;Montserrat||||||||&#8221; text_text_color=&#8221;#FFFFFF&#8221; text_font_size=&#8221;25px&#8221; text_letter_spacing=&#8221;4px&#8221; header_font=&#8221;Acme||||||||&#8221; header_text_color=&#8221;#FFFFFF&#8221; header_font_size=&#8221;54px&#8221; header_letter_spacing=&#8221;-0.5px&#8221; text_orientation=&#8221;center&#8221; header_font_size_tablet=&#8221;45px&#8221; header_font_size_phone=&#8221;42px&#8221; header_font_size_last_edited=&#8221;on|phone&#8221; global_colors_info=&#8221;{}&#8221;]<\/p>\n<h1>NEWS<\/h1>\n<p>[\/et_pb_text][\/et_pb_column][\/et_pb_row][et_pb_row _builder_version=&#8221;4.25.0&#8243; _module_preset=&#8221;default&#8221; width_tablet=&#8221;100%&#8221; width_phone=&#8221;80%&#8221; width_last_edited=&#8221;on|phone&#8221; max_width=&#8221;10%&#8221; custom_margin=&#8221;0px||0px||false|false&#8221; custom_padding=&#8221;||0px||false|false&#8221; locked=&#8221;off&#8221; collapsed=&#8221;off&#8221; global_colors_info=&#8221;{}&#8221;][et_pb_column type=&#8221;4_4&#8243; _builder_version=&#8221;4.21.0&#8243; _module_preset=&#8221;default&#8221; global_colors_info=&#8221;{}&#8221;][et_pb_blurb use_icon=&#8221;on&#8221; font_icon=&#8221;&#x4c;||divi||400&#8243; icon_color=&#8221;#FFFFFF&#8221; image_icon_background_color=&#8221;#00a8e7&#8243; image_icon_width=&#8221;20px&#8221; _builder_version=&#8221;4.20.4&#8243; _module_preset=&#8221;default&#8221; header_font=&#8221;Catamaran|800||on|||||&#8221; header_text_align=&#8221;left&#8221; header_text_color=&#8221;#FFFFFF&#8221; header_font_size=&#8221;16px&#8221; header_letter_spacing=&#8221;0.7px&#8221; image_icon_custom_margin=&#8221;0px||0px||false|false&#8221; image_icon_custom_padding=&#8221;12px|14px|14px|12px|false|false&#8221; module_alignment=&#8221;center&#8221; custom_margin=&#8221;0px||0px||false|false&#8221; custom_padding=&#8221;0px||0px||false|false&#8221; animation=&#8221;off&#8221; link_option_url=&#8221;#CharterVgoContacto&#8221; custom_css_main_element=&#8221;animation-name: updown;||    animation-duration: 3s;||    animation-iteration-count: infinite;||    animation-timing-function: ease-in-out;||    margin-left: 0px;||    margin-top: 0px;||}||||@keyframes updown {||    from { transform: translate(0,  15px); }||    50%  { transform: translate(0, -15px); }||    to   { transform: translate(0, 15px); }    ||&#8221; custom_css_blurb_title=&#8221;margin-top:24px;||margin-left:-2px;&#8221; custom_css_blurb_content=&#8221;margin:0px;&#8221; border_radii_image=&#8221;on|50%|50%|50%|50%&#8221; border_width_all_image=&#8221;1px&#8221; border_color_all_image=&#8221;#00a8e7&#8243; global_colors_info=&#8221;{}&#8221; image_icon_background_color__hover_enabled=&#8221;on|hover&#8221; image_icon_background_color__hover=&#8221;#8ECAE6&#8243; border_color_all_image__hover_enabled=&#8221;on|hover&#8221; border_color_all_image__hover=&#8221;#8ECAE6&#8243;][\/et_pb_blurb][\/et_pb_column][\/et_pb_row][\/et_pb_section][et_pb_section fb_built=&#8221;1&#8243; _builder_version=&#8221;4.27.0&#8243; _module_preset=&#8221;default&#8221; global_colors_info=&#8221;{}&#8221;][et_pb_row _builder_version=&#8221;4.27.0&#8243; _module_preset=&#8221;default&#8221; global_colors_info=&#8221;{}&#8221;][et_pb_column type=&#8221;4_4&#8243; _builder_version=&#8221;4.27.0&#8243; _module_preset=&#8221;default&#8221; global_colors_info=&#8221;{}&#8221;]<\/p>\n<p>[et_pb_blog _builder_version=&#8221;4.27.0&#8243; _module_preset=&#8221;default&#8221; theme_builder_area=&#8221;post_content&#8221; include_categories=&#8221;all&#8221; excerpt_length=&#8221;150&#8243; show_more=&#8221;on&#8221; show_author=&#8221;off&#8221; show_categories=&#8221;off&#8221; show_pagination=&#8221;off&#8221; fullwidth=&#8221;off&#8221; header_font=&#8221;Acme|||on|||||&#8221; body_font=&#8221;Manrope||||||||&#8221; body_font_size=&#8221;15px&#8221; body_line_height=&#8221;1.4em&#8221; body_text_color=&#8221;#000000&#8243; header_text_color=&#8221;#219EBC&#8221; meta_font=&#8221;Manrope|600||on|||||&#8221; meta_text_color=&#8221;#8ECAE6&#8243; read_more_font=&#8221;Acme|700||on|||||&#8221; custom_padding=&#8221;20px||||false|false&#8221; box_shadow_style=&#8221;preset1&#8243; box_shadow_vertical=&#8221;6px&#8221; box_shadow_blur=&#8221;22px&#8221; hover_enabled=&#8221;0&#8243; sticky_enabled=&#8221;0&#8243;][\/et_pb_blog]<\/p>\n<p>[\/et_pb_column][\/et_pb_row][\/et_pb_section][et_pb_section fb_built=&#8221;1&#8243; next_background_color=&#8221;#00a8e7&#8243; _builder_version=&#8221;4.25.1&#8243; _module_preset=&#8221;default&#8221; background_color=&#8221;#00a8e7&#8243; background_image=&#8221;https:\/\/chartervgo.com\/wp-content\/uploads\/2024\/05\/LastMinute_VGOCharter.jpg&#8221; parallax=&#8221;on&#8221; custom_margin=&#8221;0px||0px||false|false&#8221; bottom_divider_style=&#8221;curve&#8221; saved_tabs=&#8221;all&#8221; locked=&#8221;off&#8221; global_colors_info=&#8221;{}&#8221;][et_pb_row _builder_version=&#8221;4.25.1&#8243; _module_preset=&#8221;default&#8221; width=&#8221;85px&#8221; module_alignment=&#8221;center&#8221; custom_margin=&#8221;||0px||false|false&#8221; custom_padding=&#8221;||0px||false|false&#8221; custom_css_main_element=&#8221;animation-name: updown;||    animation-duration: 5s;||    animation-iteration-count: infinite;||    animation-timing-function: ease-in-out;||    margin-top: 0px;||}||||@keyframes updown {||    from { transform: translate(0,  15px); }||    50%  { transform: translate(0, -15px); }||    to   { transform: translate(0, 15px); }    ||&#8221; global_colors_info=&#8221;{}&#8221;][et_pb_column type=&#8221;4_4&#8243; _builder_version=&#8221;4.20.4&#8243; _module_preset=&#8221;default&#8221; global_colors_info=&#8221;{}&#8221;][et_pb_text _builder_version=&#8221;4.25.1&#8243; _module_preset=&#8221;default&#8221; header_4_font=&#8221;Outfit|800|||||||&#8221; header_4_text_align=&#8221;center&#8221; header_4_text_color=&#8221;#FFFFFF&#8221; header_4_font_size=&#8221;12px&#8221; header_4_line_height=&#8221;0.6em&#8221; background_color=&#8221;#00a8e7&#8243; module_alignment=&#8221;center&#8221; custom_margin=&#8221;2%||2%||true|false&#8221; custom_padding=&#8221;9px|10px|0px|10px|false|false&#8221; custom_css_main_element=&#8221;display:inline-block;||&#8221; border_radii=&#8221;on|12px|12px|12px|12px&#8221; locked=&#8221;off&#8221; global_colors_info=&#8221;{}&#8221;]<\/p>\n<h4>OFERTAS<\/h4>\n<p>[\/et_pb_text][\/et_pb_column][\/et_pb_row][et_pb_row _builder_version=&#8221;4.25.1&#8243; _module_preset=&#8221;default&#8221; background_enable_color=&#8221;off&#8221; background_enable_image=&#8221;off&#8221; background_size=&#8221;initial&#8221; width=&#8221;70%&#8221; custom_css_main_element=&#8221;animation-name: updown;||    animation-duration: 5s;||    animation-iteration-count: infinite;||    animation-timing-function: ease-in-out;||    margin-top: 0px;||}||||@keyframes updown {||    from { transform: translate(0,  15px); }||    50%  { transform: translate(0, -15px); }||    to   { transform: translate(0, 15px); }    ||&#8221; global_colors_info=&#8221;{}&#8221;][et_pb_column type=&#8221;4_4&#8243; _builder_version=&#8221;4.25.1&#8243; _module_preset=&#8221;default&#8221; background_enable_color=&#8221;off&#8221; custom_padding_tablet=&#8221;|||20px|false|false&#8221; custom_padding_phone=&#8221;45px|30px|45px|10px|false|false&#8221; custom_padding_last_edited=&#8221;on|phone&#8221; global_colors_info=&#8221;{}&#8221;][et_pb_text content_phone=&#8221;<\/p>\n<h3 style=%22text-align: left;%22>Ofertas<\/h3>\n<h2 style=%22text-align: left;%22><span>\u00bfQuieres ser el primero de enterarte de nuestras ofertas? <\/span><\/h2>\n<p style=%22text-align: left;%22>Entra aqui.<\/p>\n<p>&#8221; content_last_edited=&#8221;off|desktop&#8221; _builder_version=&#8221;4.25.1&#8243; _module_preset=&#8221;default&#8221; text_font=&#8221;||||||||&#8221; text_text_color=&#8221;#4A5568&#8243; text_font_size=&#8221;18px&#8221; header_2_font=&#8221;Acme|700||on|||||&#8221; header_2_text_color=&#8221;#023047&#8243; header_2_font_size=&#8221;32px&#8221; header_2_letter_spacing=&#8221;-0.5px&#8221; header_2_line_height=&#8221;1.1em&#8221; header_3_font=&#8221;modelica|700||on|||||&#8221; header_3_text_color=&#8221;#8C3183&#8243; width=&#8221;80%&#8221; module_alignment=&#8221;center&#8221; custom_margin=&#8221;0px|95px|5px||false|false&#8221; custom_margin_tablet=&#8221;&#8221; custom_margin_phone=&#8221;|||95px|false|false&#8221; custom_margin_last_edited=&#8221;on|phone&#8221; text_font_size_tablet=&#8221;16px&#8221; text_font_size_phone=&#8221;14px&#8221; text_font_size_last_edited=&#8221;on|desktop&#8221; header_2_font_size_tablet=&#8221;38px&#8221; header_2_font_size_phone=&#8221;28px&#8221; header_2_font_size_last_edited=&#8221;on|desktop&#8221; global_colors_info=&#8221;{}&#8221;]<\/p>\n<h2 style=\"text-align: center;\">\u00a1Consulta nuestras<br \/>ofertas de Last Minute!<\/h2>\n<p>[\/et_pb_text][et_pb_text _builder_version=&#8221;4.25.1&#8243; _module_preset=&#8221;default&#8221; text_font=&#8221;Manrope||||||||&#8221; text_text_color=&#8221;#219EBC&#8221; text_font_size=&#8221;18px&#8221; text_line_height=&#8221;1.4em&#8221; header_2_font=&#8221;Manrope|700|||||||&#8221; header_2_font_size=&#8221;24px&#8221; header_2_line_height=&#8221;1.2em&#8221; module_alignment=&#8221;center&#8221; text_font_size_tablet=&#8221;16px&#8221; text_font_size_phone=&#8221;14px&#8221; text_font_size_last_edited=&#8221;on|desktop&#8221; header_2_font_size_tablet=&#8221;24px&#8221; header_2_font_size_phone=&#8221;20px&#8221; header_2_font_size_last_edited=&#8221;on|desktop&#8221; global_colors_info=&#8221;{}&#8221;]<\/p>\n<p style=\"text-align: center;\">\u00a1Cont\u00e1ctanos, no dejes que te lo cuenten!<\/p>\n<p>[\/et_pb_text][et_pb_button button_url=&#8221;https:\/\/chartervgo.com\/en\/contact\/&#8221; button_text=&#8221;VER&#8221; button_alignment=&#8221;center&#8221; _builder_version=&#8221;4.25.1&#8243; _module_preset=&#8221;default&#8221; custom_button=&#8221;on&#8221; button_text_size=&#8221;14px&#8221; button_text_color=&#8221;#FFFFFF&#8221; button_bg_color=&#8221;#00a8e7&#8243; button_border_color=&#8221;#00a8e7&#8243; button_border_radius=&#8221;100px&#8221; button_font=&#8221;Outfit|800||on|||||&#8221; button_use_icon=&#8221;off&#8221; custom_margin=&#8221;30px||30px||false|false&#8221; custom_padding=&#8221;10px|9px|10px|9px|false|true&#8221; global_colors_info=&#8221;{}&#8221;][\/et_pb_button][\/et_pb_column][\/et_pb_row][\/et_pb_section][et_pb_section fb_built=&#8221;1&#8243; admin_label=&#8221;Pie de P\u00e1gina&#8221; _builder_version=&#8221;4.27.0&#8243; _module_preset=&#8221;default&#8221; background_color=&#8221;#00a8e7&#8243; custom_padding=&#8221;20px||20px||true|false&#8221; global_module=&#8221;236&#8243; saved_tabs=&#8221;all&#8221; locked=&#8221;off&#8221; collapsed=&#8221;on&#8221; global_colors_info=&#8221;{}&#8221;][et_pb_row column_structure=&#8221;1_2,1_6,1_6,1_6&#8243; use_custom_gutter=&#8221;on&#8221; gutter_width=&#8221;2&#8243; _builder_version=&#8221;4.27.0&#8243; _module_preset=&#8221;default&#8221; width=&#8221;95%&#8221; width_tablet=&#8221;&#8221; width_phone=&#8221;90%&#8221; width_last_edited=&#8221;on|phone&#8221; collapsed=&#8221;off&#8221; global_colors_info=&#8221;{}&#8221; width__hover_enabled=&#8221;on|desktop&#8221; width__hover=&#8221;95%&#8221;][et_pb_column type=&#8221;1_2&#8243; _builder_version=&#8221;4.16&#8243; _module_preset=&#8221;default&#8221; global_colors_info=&#8221;{}&#8221;][et_pb_text _builder_version=&#8221;4.25.2&#8243; _module_preset=&#8221;default&#8221; text_font=&#8221;Manrope||||||||&#8221; text_text_color=&#8221;#FFFFFF&#8221; text_line_height=&#8221;1.4em&#8221; global_colors_info=&#8221;{}&#8221;]<\/p>\n<p><span style=\"font-weight: 400;\"><strong>Charter VGO<\/strong> es una empresa dedicada al alquiler y mantenimiento de embarcaciones, por lo que todos nuestros barcos est\u00e1n en excelente estado. E<\/span>legimos cuidadosamente nuestras mejores embarcaciones y furgonetas para ofrecerte la mejor experiencia en la hermosa isla de Mallorca. As\u00ed podr\u00e1s embarcarte en una aventura donde podr\u00e1s reconectar contigo mismo y disfrutar junto a tus amigos y familiares.<\/p>\n<p>[\/et_pb_text][et_pb_image src=&#8221;https:\/\/chartervgo.com\/wp-content\/uploads\/2024\/05\/Img_Banner_KirDigital.png&#8221; alt=&#8221;Kit Digital&#8221; title_text=&#8221;Kit Digital&#8221; _builder_version=&#8221;4.20.4&#8243; _module_preset=&#8221;default&#8221; global_colors_info=&#8221;{}&#8221;][\/et_pb_image][\/et_pb_column][et_pb_column type=&#8221;1_6&#8243; _builder_version=&#8221;4.16&#8243; _module_preset=&#8221;default&#8221; global_colors_info=&#8221;{}&#8221;][et_pb_text _builder_version=&#8221;4.25.1&#8243; _module_preset=&#8221;default&#8221; text_font=&#8221;modelica|700|||||||&#8221; text_text_color=&#8221;#4A5568&#8243; header_4_font=&#8221;Acme|700||on|||||&#8221; header_4_text_color=&#8221;#023047&#8243; header_4_font_size=&#8221;14px&#8221; custom_margin=&#8221;||20px||false|false&#8221; custom_margin_tablet=&#8221;||20px||false|false&#8221; custom_margin_phone=&#8221;||15px||false|false&#8221; custom_margin_last_edited=&#8221;on|phone&#8221; global_colors_info=&#8221;{}&#8221;]<\/p>\n<h4>Contacto<\/h4>\n<p>[\/et_pb_text][et_pb_text _builder_version=&#8221;4.25.1&#8243; _module_preset=&#8221;default&#8221; text_font=&#8221;||||||||&#8221; text_text_color=&#8221;#000000&#8243; link_font=&#8221;Manrope||||||||&#8221; link_text_color=&#8221;#FFFFFF&#8221; global_colors_info=&#8221;{}&#8221; link_text_color__hover_enabled=&#8221;on|desktop&#8221; link_text_color__hover=&#8221;#1dbba4&#8243;]<\/p>\n<p><a href=\"tel:+34633956207\u00a0\"><span style=\"font-weight: 400;\">+34 633 95 62 07<\/span><\/a><br \/><a href=\"mailto:info@chatertvgo.com\"><span style=\"font-weight: 400;\">chartervgo@gmail.com<\/span><\/a><\/p>\n<p>[\/et_pb_text][\/et_pb_column][et_pb_column type=&#8221;1_6&#8243; _builder_version=&#8221;4.16&#8243; _module_preset=&#8221;default&#8221; global_colors_info=&#8221;{}&#8221;][et_pb_text _builder_version=&#8221;4.25.1&#8243; _module_preset=&#8221;default&#8221; text_font=&#8221;modelica|700|||||||&#8221; text_text_color=&#8221;#4A5568&#8243; header_4_font=&#8221;Acme|700||on|||||&#8221; header_4_text_color=&#8221;#023047&#8243; header_4_font_size=&#8221;14px&#8221; custom_margin=&#8221;||20px||false|false&#8221; custom_margin_tablet=&#8221;||20px||false|false&#8221; custom_margin_phone=&#8221;||15px||false|false&#8221; custom_margin_last_edited=&#8221;on|phone&#8221; global_colors_info=&#8221;{}&#8221;]<\/p>\n<h4>Links de inter\u00e9s<\/h4>\n<p>[\/et_pb_text][et_pb_text _builder_version=&#8221;4.27.0&#8243; _module_preset=&#8221;default&#8221; text_font=&#8221;||||||||&#8221; text_text_color=&#8221;#000000&#8243; link_font=&#8221;Manrope||||||||&#8221; link_text_color=&#8221;#FFFFFF&#8221; global_colors_info=&#8221;{}&#8221; link_text_color__hover_enabled=&#8221;on|desktop&#8221; link_text_color__hover=&#8221;#1dbba4&#8243;]<\/p>\n<p><a href=\"https:\/\/chartervgo.com\/en\/boat-rental\/\">Alquilar Lanchas<\/a><br \/><a href=\"https:\/\/chartervgo.com\/en\/sailing-yacht-charter\/\">Alquilar Veleros<\/a><br \/><a href=\"https:\/\/chartervgo.com\/en\/yacht-charter\/\">Alquilar Yates<\/a><br \/><a href=\"https:\/\/chartervgo.com\/en\/camper-van-hire\/\">Alquilar Furgoneta<\/a><br \/><a href=\"https:\/\/chartervgo.com\/en\/news\/\">Noticias<\/a><br \/><a href=\"https:\/\/chartervgo.com\/en\/legal\/\">Legales<\/a><\/p>\n<p>[\/et_pb_text][\/et_pb_column][et_pb_column type=&#8221;1_6&#8243; _builder_version=&#8221;4.16&#8243; _module_preset=&#8221;default&#8221; global_colors_info=&#8221;{}&#8221;][et_pb_text _builder_version=&#8221;4.25.1&#8243; _module_preset=&#8221;default&#8221; text_font=&#8221;modelica|700|||||||&#8221; text_text_color=&#8221;#4A5568&#8243; header_4_font=&#8221;Acme|700||on|||||&#8221; header_4_text_color=&#8221;#023047&#8243; header_4_font_size=&#8221;14px&#8221; custom_margin=&#8221;||20px||false|false&#8221; custom_margin_tablet=&#8221;||20px||false|false&#8221; custom_margin_phone=&#8221;||15px||false|false&#8221; custom_margin_last_edited=&#8221;on|phone&#8221; global_colors_info=&#8221;{}&#8221;]<\/p>\n<h4>Redes Sociales<\/h4>\n<p>[\/et_pb_text][et_pb_social_media_follow _builder_version=&#8221;4.20.4&#8243; _module_preset=&#8221;default&#8221; global_colors_info=&#8221;{}&#8221;][et_pb_social_media_follow_network social_network=&#8221;facebook&#8221; url=&#8221;https:\/\/www.facebook.com\/VGOCharter&#8221; icon_color=&#8221;#FFFFFF&#8221; use_icon_font_size=&#8221;on&#8221; icon_font_size=&#8221;20px&#8221; _builder_version=&#8221;4.20.4&#8243; _module_preset=&#8221;default&#8221; background_color=&#8221;#8ECAE6&#8243; background_enable_color=&#8221;on&#8221; border_radii=&#8221;on|50px|50px|50px|50px&#8221; global_colors_info=&#8221;{}&#8221; follow_button=&#8221;off&#8221; url_new_window=&#8221;on&#8221;]facebook[\/et_pb_social_media_follow_network][et_pb_social_media_follow_network social_network=&#8221;instagram&#8221; url=&#8221;https:\/\/www.instagram.com\/vgocharter\/&#8221; icon_color=&#8221;#FFFFFF&#8221; use_icon_font_size=&#8221;on&#8221; icon_font_size=&#8221;20px&#8221; _builder_version=&#8221;4.20.4&#8243; _module_preset=&#8221;default&#8221; background_color=&#8221;#8ecae6&#8243; background_enable_color=&#8221;on&#8221; border_radii=&#8221;on|50px|50px|50px|50px&#8221; global_colors_info=&#8221;{}&#8221; background__hover_enabled=&#8221;on|desktop&#8221; follow_button=&#8221;off&#8221; url_new_window=&#8221;on&#8221;]instagram[\/et_pb_social_media_follow_network][\/et_pb_social_media_follow][\/et_pb_column][\/et_pb_row][\/et_pb_section][et_pb_section fb_built=&#8221;1&#8243; admin_label=&#8221;Legales&#8221; _builder_version=&#8221;4.27.0&#8243; _module_preset=&#8221;default&#8221; background_color=&#8221;#8ECAE6&#8243; custom_margin=&#8221;0px||0px||false|false&#8221; custom_padding=&#8221;0px||0px||false|false&#8221; global_module=&#8221;237&#8243; saved_tabs=&#8221;all&#8221; locked=&#8221;off&#8221; collapsed=&#8221;on&#8221; global_colors_info=&#8221;{}&#8221;][et_pb_row _builder_version=&#8221;4.20.4&#8243; _module_preset=&#8221;default&#8221; width=&#8221;95%&#8221; custom_padding=&#8221;1%||1%||true|false&#8221; global_colors_info=&#8221;{}&#8221;][et_pb_column type=&#8221;4_4&#8243; _builder_version=&#8221;4.20.4&#8243; _module_preset=&#8221;default&#8221; global_colors_info=&#8221;{}&#8221;][et_pb_text _builder_version=&#8221;4.25.1&#8243; _module_preset=&#8221;default&#8221; text_font=&#8221;Manrope||||||||&#8221; text_text_color=&#8221;#FFFFFF&#8221; link_text_color=&#8221;#00a8e7&#8243; global_colors_info=&#8221;{}&#8221;]<\/p>\n<p>CharterVgo \u00a9 2024 Todos los derechos reservados. Dise\u00f1ado X <strong><a href=\"https:\/\/w34marketing.com\/\">w34marketing<\/a><\/strong><\/p>\n<p>[\/et_pb_text][\/et_pb_column][\/et_pb_row][\/et_pb_section]<\/p>\n","protected":false},"excerpt":{"rendered":"<p>BLOGNEWSOFERTAS\u00a1Consulta nuestrasofertas de Last Minute!\u00a1Cont\u00e1ctanos, no dejes que te lo cuenten!Charter VGO es una empresa dedicada al alquiler y mantenimiento de embarcaciones, por lo que todos nuestros barcos est\u00e1n en excelente estado. Elegimos cuidadosamente nuestras mejores embarcaciones y furgonetas para ofrecerte la mejor experiencia en la hermosa isla de Mallorca. As\u00ed podr\u00e1s embarcarte en una [&hellip;]<\/p>\n","protected":false},"author":1,"featured_media":0,"parent":0,"menu_order":0,"comment_status":"closed","ping_status":"closed","template":"","meta":{"_et_pb_use_builder":"on","_et_pb_old_content":"","_et_gb_content_width":"","footnotes":""},"yoast_head":"<!-- This site is optimized with the Yoast SEO plugin v24.4 - https:\/\/yoast.com\/wordpress\/plugins\/seo\/ -->\n<title>Blog Charter VGO - Boat and motorhome rental in Mallorca<\/title>\n<meta name=\"description\" content=\"We share navigation tips and hidden routes to explore Mallorca in a van. Don&#039;t miss anything!\" \/>\n<meta name=\"robots\" content=\"index, follow, max-snippet:-1, max-image-preview:large, max-video-preview:-1\" \/>\n<link rel=\"canonical\" href=\"https:\/\/chartervgo.com\/en\/news\/\" \/>\n<meta property=\"og:locale\" content=\"en_US\" \/>\n<meta property=\"og:type\" content=\"article\" \/>\n<meta property=\"og:title\" content=\"Blog Charter VGO - Boat and motorhome rental in Mallorca\" \/>\n<meta property=\"og:description\" content=\"We share navigation tips and hidden routes to explore Mallorca in a van. Don&#039;t miss anything!\" \/>\n<meta property=\"og:url\" content=\"https:\/\/chartervgo.com\/en\/news\/\" \/>\n<meta property=\"og:site_name\" content=\"Chartervgo\" \/>\n<meta property=\"article:modified_time\" content=\"2024-08-23T12:33:23+00:00\" \/>\n<meta name=\"twitter:card\" content=\"summary_large_image\" \/>\n<meta name=\"twitter:label1\" content=\"Est. reading time\" \/>\n\t<meta name=\"twitter:data1\" content=\"2 minutes\" \/>\n<script type=\"application\/ld+json\" class=\"yoast-schema-graph\">{\"@context\":\"https:\/\/schema.org\",\"@graph\":[{\"@type\":\"WebPage\",\"@id\":\"https:\/\/chartervgo.com\/en\/news\/\",\"url\":\"https:\/\/chartervgo.com\/en\/news\/\",\"name\":\"Blog Charter VGO - Boat and motorhome rental in Mallorca\",\"isPartOf\":{\"@id\":\"https:\/\/chartervgo.com\/#website\"},\"datePublished\":\"2024-08-09T07:56:18+00:00\",\"dateModified\":\"2024-08-23T12:33:23+00:00\",\"description\":\"We share navigation tips and hidden routes to explore Mallorca in a van. Don't miss anything!\",\"breadcrumb\":{\"@id\":\"https:\/\/chartervgo.com\/en\/news\/#breadcrumb\"},\"inLanguage\":\"en-US\",\"potentialAction\":[{\"@type\":\"ReadAction\",\"target\":[\"https:\/\/chartervgo.com\/en\/news\/\"]}]},{\"@type\":\"BreadcrumbList\",\"@id\":\"https:\/\/chartervgo.com\/en\/news\/#breadcrumb\",\"itemListElement\":[{\"@type\":\"ListItem\",\"position\":1,\"name\":\"Portada\",\"item\":\"https:\/\/chartervgo.com\/\"},{\"@type\":\"ListItem\",\"position\":2,\"name\":\"News\"}]},{\"@type\":\"WebSite\",\"@id\":\"https:\/\/chartervgo.com\/#website\",\"url\":\"https:\/\/chartervgo.com\/\",\"name\":\"Chartervgo\",\"description\":\"Alquiler de barcos en Mallorca\",\"potentialAction\":[{\"@type\":\"SearchAction\",\"target\":{\"@type\":\"EntryPoint\",\"urlTemplate\":\"https:\/\/chartervgo.com\/?s={search_term_string}\"},\"query-input\":{\"@type\":\"PropertyValueSpecification\",\"valueRequired\":true,\"valueName\":\"search_term_string\"}}],\"inLanguage\":\"en-US\"}]}<\/script>\n<!-- \/ Yoast SEO plugin. -->","yoast_head_json":{"title":"Blog Charter VGO - Boat and motorhome rental in Mallorca","description":"We share navigation tips and hidden routes to explore Mallorca in a van. Don't miss anything!","robots":{"index":"index","follow":"follow","max-snippet":"max-snippet:-1","max-image-preview":"max-image-preview:large","max-video-preview":"max-video-preview:-1"},"canonical":"https:\/\/chartervgo.com\/en\/news\/","og_locale":"en_US","og_type":"article","og_title":"Blog Charter VGO - Boat and motorhome rental in Mallorca","og_description":"We share navigation tips and hidden routes to explore Mallorca in a van. Don't miss anything!","og_url":"https:\/\/chartervgo.com\/en\/news\/","og_site_name":"Chartervgo","article_modified_time":"2024-08-23T12:33:23+00:00","twitter_card":"summary_large_image","twitter_misc":{"Est. reading time":"2 minutes"},"schema":{"@context":"https:\/\/schema.org","@graph":[{"@type":"WebPage","@id":"https:\/\/chartervgo.com\/en\/news\/","url":"https:\/\/chartervgo.com\/en\/news\/","name":"Blog Charter VGO - Boat and motorhome rental in Mallorca","isPartOf":{"@id":"https:\/\/chartervgo.com\/#website"},"datePublished":"2024-08-09T07:56:18+00:00","dateModified":"2024-08-23T12:33:23+00:00","description":"We share navigation tips and hidden routes to explore Mallorca in a van. Don't miss anything!","breadcrumb":{"@id":"https:\/\/chartervgo.com\/en\/news\/#breadcrumb"},"inLanguage":"en-US","potentialAction":[{"@type":"ReadAction","target":["https:\/\/chartervgo.com\/en\/news\/"]}]},{"@type":"BreadcrumbList","@id":"https:\/\/chartervgo.com\/en\/news\/#breadcrumb","itemListElement":[{"@type":"ListItem","position":1,"name":"Portada","item":"https:\/\/chartervgo.com\/"},{"@type":"ListItem","position":2,"name":"News"}]},{"@type":"WebSite","@id":"https:\/\/chartervgo.com\/#website","url":"https:\/\/chartervgo.com\/","name":"Chartervgo","description":"Alquiler de barcos en Mallorca","potentialAction":[{"@type":"SearchAction","target":{"@type":"EntryPoint","urlTemplate":"https:\/\/chartervgo.com\/?s={search_term_string}"},"query-input":{"@type":"PropertyValueSpecification","valueRequired":true,"valueName":"search_term_string"}}],"inLanguage":"en-US"}]}},"_links":{"self":[{"href":"https:\/\/chartervgo.com\/en\/wp-json\/wp\/v2\/pages\/1343"}],"collection":[{"href":"https:\/\/chartervgo.com\/en\/wp-json\/wp\/v2\/pages"}],"about":[{"href":"https:\/\/chartervgo.com\/en\/wp-json\/wp\/v2\/types\/page"}],"author":[{"embeddable":true,"href":"https:\/\/chartervgo.com\/en\/wp-json\/wp\/v2\/users\/1"}],"replies":[{"embeddable":true,"href":"https:\/\/chartervgo.com\/en\/wp-json\/wp\/v2\/comments?post=1343"}],"version-history":[{"count":8,"href":"https:\/\/chartervgo.com\/en\/wp-json\/wp\/v2\/pages\/1343\/revisions"}],"predecessor-version":[{"id":1442,"href":"https:\/\/chartervgo.com\/en\/wp-json\/wp\/v2\/pages\/1343\/revisions\/1442"}],"wp:attachment":[{"href":"https:\/\/chartervgo.com\/en\/wp-json\/wp\/v2\/media?parent=1343"}],"curies":[{"name":"wp","href":"https:\/\/api.w.org\/{rel}","templated":true}]}}